{"id":870,"date":"2023-12-23T13:54:51","date_gmt":"2023-12-23T13:54:51","guid":{"rendered":"http:\/\/duhoc.yola.vn\/doi-tac-yola\/"},"modified":"2024-08-29T08:41:27","modified_gmt":"2024-08-29T08:41:27","slug":"doi-tac-yola","status":"publish","type":"page","link":"https:\/\/duhoc.yola.vn\/en\/doi-tac-yola\/","title":{"rendered":"\u0110\u1ed1i T\u00e1c YOLA"},"content":{"rendered":"","protected":false},"excerpt":{"rendered":"","protected":false},"author":1,"featured_media":0,"parent":0,"menu_order":0,"comment_status":"closed","ping_status":"closed","template":"template\/search-partners.php","meta":{"footnotes":""},"acf":[],"yoast_head":"<!-- This site is optimized with the Yoast SEO plugin v21.8 - https:\/\/yoast.com\/wordpress\/plugins\/seo\/ -->\n<title>\u0110\u1ed1i T\u00e1c YOLA - Du H\u1ecdc YOLA<\/title>\n<meta name=\"description\" content=\"V\u1edbi h\u01a1n 500 tr\u01b0\u1eddng, trong \u0111\u00f3 c\u00f3 100+ tr\u01b0\u1eddng TOP tr\u00ean to\u00e0n th\u1ebf gi\u1edbi. L\u00e0 c\u01a1 h\u1ed9i \u0111\u1ec3 gi\u00fap b\u1ea1n ti\u1ebfp c\u1eadn v\u00e0 t\u00ecm hi\u1ec3u tr\u01b0\u1eddng, thu\u1eadn ti\u1ec7n cho vi\u1ec7c chu\u1ea9n b\u1ecb h\u1ed3 s\u01a1 m\u1ed9t c\u00e1ch t\u1ed1t nh\u1ea5t!\" \/>\n<meta name=\"robots\" content=\"index, follow, max-snippet:-1, max-image-preview:large, max-video-preview:-1\" \/>\n<link rel=\"canonical\" href=\"https:\/\/duhoc.yola.vn\/doi-tac-yola\/\" \/>\n<meta property=\"og:locale\" content=\"en_US\" \/>\n<meta property=\"og:type\" content=\"article\" \/>\n<meta property=\"og:title\" content=\"\u0110\u1ed1i T\u00e1c YOLA - Du H\u1ecdc YOLA\" \/>\n<meta property=\"og:description\" content=\"V\u1edbi h\u01a1n 500 tr\u01b0\u1eddng, trong \u0111\u00f3 c\u00f3 100+ tr\u01b0\u1eddng TOP tr\u00ean to\u00e0n th\u1ebf gi\u1edbi. L\u00e0 c\u01a1 h\u1ed9i \u0111\u1ec3 gi\u00fap b\u1ea1n ti\u1ebfp c\u1eadn v\u00e0 t\u00ecm hi\u1ec3u tr\u01b0\u1eddng, thu\u1eadn ti\u1ec7n cho vi\u1ec7c chu\u1ea9n b\u1ecb h\u1ed3 s\u01a1 m\u1ed9t c\u00e1ch t\u1ed1t nh\u1ea5t!\" \/>\n<meta property=\"og:url\" content=\"https:\/\/duhoc.yola.vn\/doi-tac-yola\/\" \/>\n<meta property=\"og:site_name\" content=\"Du H\u1ecdc YOLA\" \/>\n<meta property=\"article:modified_time\" content=\"2024-08-29T08:41:27+00:00\" \/>\n<meta name=\"twitter:card\" content=\"summary_large_image\" \/>\n<script type=\"application\/ld+json\" class=\"yoast-schema-graph\">{\"@context\":\"https:\/\/schema.org\",\"@graph\":[{\"@type\":\"WebPage\",\"@id\":\"https:\/\/duhoc.yola.vn\/doi-tac-yola\/\",\"url\":\"https:\/\/duhoc.yola.vn\/doi-tac-yola\/\",\"name\":\"\u0110\u1ed1i T\u00e1c YOLA - Du H\u1ecdc YOLA\",\"isPartOf\":{\"@id\":\"https:\/\/duhoc.yola.vn\/#website\"},\"datePublished\":\"2023-12-23T13:54:51+00:00\",\"dateModified\":\"2024-08-29T08:41:27+00:00\",\"description\":\"V\u1edbi h\u01a1n 500 tr\u01b0\u1eddng, trong \u0111\u00f3 c\u00f3 100+ tr\u01b0\u1eddng TOP tr\u00ean to\u00e0n th\u1ebf gi\u1edbi. L\u00e0 c\u01a1 h\u1ed9i \u0111\u1ec3 gi\u00fap b\u1ea1n ti\u1ebfp c\u1eadn v\u00e0 t\u00ecm hi\u1ec3u tr\u01b0\u1eddng, thu\u1eadn ti\u1ec7n cho vi\u1ec7c chu\u1ea9n b\u1ecb h\u1ed3 s\u01a1 m\u1ed9t c\u00e1ch t\u1ed1t nh\u1ea5t!\",\"breadcrumb\":{\"@id\":\"https:\/\/duhoc.yola.vn\/doi-tac-yola\/#breadcrumb\"},\"inLanguage\":\"en-US\",\"potentialAction\":[{\"@type\":\"ReadAction\",\"target\":[\"https:\/\/duhoc.yola.vn\/doi-tac-yola\/\"]}]},{\"@type\":\"BreadcrumbList\",\"@id\":\"https:\/\/duhoc.yola.vn\/doi-tac-yola\/#breadcrumb\",\"itemListElement\":[{\"@type\":\"ListItem\",\"position\":1,\"name\":\"Home\",\"item\":\"https:\/\/duhoc.yola.vn\/home-page\/\"},{\"@type\":\"ListItem\",\"position\":2,\"name\":\"\u0110\u1ed1i T\u00e1c YOLA\"}]},{\"@type\":\"WebSite\",\"@id\":\"https:\/\/duhoc.yola.vn\/#website\",\"url\":\"https:\/\/duhoc.yola.vn\/\",\"name\":\"Du H\u1ecdc YOLA\",\"description\":\"DU H\u1eccC YOLA\",\"potentialAction\":[{\"@type\":\"SearchAction\",\"target\":{\"@type\":\"EntryPoint\",\"urlTemplate\":\"https:\/\/duhoc.yola.vn\/?s={search_term_string}\"},\"query-input\":\"required name=search_term_string\"}],\"inLanguage\":\"en-US\"}]}<\/script>\n<!-- \/ Yoast SEO plugin. -->","yoast_head_json":{"title":"\u0110\u1ed1i T\u00e1c YOLA - Du H\u1ecdc YOLA","description":"V\u1edbi h\u01a1n 500 tr\u01b0\u1eddng, trong \u0111\u00f3 c\u00f3 100+ tr\u01b0\u1eddng TOP tr\u00ean to\u00e0n th\u1ebf gi\u1edbi. L\u00e0 c\u01a1 h\u1ed9i \u0111\u1ec3 gi\u00fap b\u1ea1n ti\u1ebfp c\u1eadn v\u00e0 t\u00ecm hi\u1ec3u tr\u01b0\u1eddng, thu\u1eadn ti\u1ec7n cho vi\u1ec7c chu\u1ea9n b\u1ecb h\u1ed3 s\u01a1 m\u1ed9t c\u00e1ch t\u1ed1t nh\u1ea5t!","robots":{"index":"index","follow":"follow","max-snippet":"max-snippet:-1","max-image-preview":"max-image-preview:large","max-video-preview":"max-video-preview:-1"},"canonical":"https:\/\/duhoc.yola.vn\/doi-tac-yola\/","og_locale":"en_US","og_type":"article","og_title":"\u0110\u1ed1i T\u00e1c YOLA - Du H\u1ecdc YOLA","og_description":"V\u1edbi h\u01a1n 500 tr\u01b0\u1eddng, trong \u0111\u00f3 c\u00f3 100+ tr\u01b0\u1eddng TOP tr\u00ean to\u00e0n th\u1ebf gi\u1edbi. L\u00e0 c\u01a1 h\u1ed9i \u0111\u1ec3 gi\u00fap b\u1ea1n ti\u1ebfp c\u1eadn v\u00e0 t\u00ecm hi\u1ec3u tr\u01b0\u1eddng, thu\u1eadn ti\u1ec7n cho vi\u1ec7c chu\u1ea9n b\u1ecb h\u1ed3 s\u01a1 m\u1ed9t c\u00e1ch t\u1ed1t nh\u1ea5t!","og_url":"https:\/\/duhoc.yola.vn\/doi-tac-yola\/","og_site_name":"Du H\u1ecdc YOLA","article_modified_time":"2024-08-29T08:41:27+00:00","twitter_card":"summary_large_image","schema":{"@context":"https:\/\/schema.org","@graph":[{"@type":"WebPage","@id":"https:\/\/duhoc.yola.vn\/doi-tac-yola\/","url":"https:\/\/duhoc.yola.vn\/doi-tac-yola\/","name":"\u0110\u1ed1i T\u00e1c YOLA - Du H\u1ecdc YOLA","isPartOf":{"@id":"https:\/\/duhoc.yola.vn\/#website"},"datePublished":"2023-12-23T13:54:51+00:00","dateModified":"2024-08-29T08:41:27+00:00","description":"V\u1edbi h\u01a1n 500 tr\u01b0\u1eddng, trong \u0111\u00f3 c\u00f3 100+ tr\u01b0\u1eddng TOP tr\u00ean to\u00e0n th\u1ebf gi\u1edbi. L\u00e0 c\u01a1 h\u1ed9i \u0111\u1ec3 gi\u00fap b\u1ea1n ti\u1ebfp c\u1eadn v\u00e0 t\u00ecm hi\u1ec3u tr\u01b0\u1eddng, thu\u1eadn ti\u1ec7n cho vi\u1ec7c chu\u1ea9n b\u1ecb h\u1ed3 s\u01a1 m\u1ed9t c\u00e1ch t\u1ed1t nh\u1ea5t!","breadcrumb":{"@id":"https:\/\/duhoc.yola.vn\/doi-tac-yola\/#breadcrumb"},"inLanguage":"en-US","potentialAction":[{"@type":"ReadAction","target":["https:\/\/duhoc.yola.vn\/doi-tac-yola\/"]}]},{"@type":"BreadcrumbList","@id":"https:\/\/duhoc.yola.vn\/doi-tac-yola\/#breadcrumb","itemListElement":[{"@type":"ListItem","position":1,"name":"Home","item":"https:\/\/duhoc.yola.vn\/home-page\/"},{"@type":"ListItem","position":2,"name":"\u0110\u1ed1i T\u00e1c YOLA"}]},{"@type":"WebSite","@id":"https:\/\/duhoc.yola.vn\/#website","url":"https:\/\/duhoc.yola.vn\/","name":"Du H\u1ecdc YOLA","description":"DU H\u1eccC YOLA","potentialAction":[{"@type":"SearchAction","target":{"@type":"EntryPoint","urlTemplate":"https:\/\/duhoc.yola.vn\/?s={search_term_string}"},"query-input":"required name=search_term_string"}],"inLanguage":"en-US"}]}},"_links":{"self":[{"href":"https:\/\/duhoc.yola.vn\/en\/wp-json\/wp\/v2\/pages\/870"}],"collection":[{"href":"https:\/\/duhoc.yola.vn\/en\/wp-json\/wp\/v2\/pages"}],"about":[{"href":"https:\/\/duhoc.yola.vn\/en\/wp-json\/wp\/v2\/types\/page"}],"author":[{"embeddable":true,"href":"https:\/\/duhoc.yola.vn\/en\/wp-json\/wp\/v2\/users\/1"}],"replies":[{"embeddable":true,"href":"https:\/\/duhoc.yola.vn\/en\/wp-json\/wp\/v2\/comments?post=870"}],"version-history":[{"count":4,"href":"https:\/\/duhoc.yola.vn\/en\/wp-json\/wp\/v2\/pages\/870\/revisions"}],"predecessor-version":[{"id":49786,"href":"https:\/\/duhoc.yola.vn\/en\/wp-json\/wp\/v2\/pages\/870\/revisions\/49786"}],"wp:attachment":[{"href":"https:\/\/duhoc.yola.vn\/en\/wp-json\/wp\/v2\/media?parent=870"}],"curies":[{"name":"wp","href":"https:\/\/api.w.org\/{rel}","templated":true}]}}