{"id":884,"date":"2023-12-23T13:54:13","date_gmt":"2023-12-23T13:54:13","guid":{"rendered":"http:\/\/duhoc.yola.vn\/chuong-trinh-du-hoc\/"},"modified":"2026-02-10T03:26:47","modified_gmt":"2026-02-10T03:26:47","slug":"chuong-trinh-du-hoc","status":"publish","type":"page","link":"https:\/\/duhoc.yola.vn\/en\/chuong-trinh-du-hoc\/","title":{"rendered":"Ch\u01b0\u01a1ng Tr\u00ecnh Du H\u1ecdc"},"content":{"rendered":"","protected":false},"excerpt":{"rendered":"","protected":false},"author":1,"featured_media":0,"parent":0,"menu_order":0,"comment_status":"closed","ping_status":"closed","template":"template\/program-abroads.php","meta":{"footnotes":""},"acf":[],"yoast_head":"<!-- This site is optimized with the Yoast SEO plugin v21.8 - https:\/\/yoast.com\/wordpress\/plugins\/seo\/ -->\n<title>Ch\u01b0\u01a1ng Tr\u00ecnh Du H\u1ecdc - Du H\u1ecdc YOLA<\/title>\n<meta name=\"description\" content=\"S\u1eb5n s\u00e0ng \u0111\u1ec3 th\u1ef1c hi\u1ec7n b\u01b0\u1edbc nh\u1ea3y v\u1ecdt? Kh\u00e1m ph\u00e1 c\u00e1c l\u1ef1a ch\u1ecdn ch\u01b0\u01a1ng tr\u00ecnh du H\u1ecdc kh\u1eafp tr\u00ean th\u1ebf gi\u1edbi. B\u1eaft tay v\u00e0o h\u00e0nh tr\u00ecnh k\u1ebft h\u1ee3p gi\u00e1o d\u1ee5c, phi\u00eau l\u01b0u v\u00e0 ph\u00e1t tri\u1ec3n c\u00e1 nh\u00e2n. Th\u1ebf gi\u1edbi \u0111ang ch\u1edd \u0111\u1ee3i b\u1ea1n!\" \/>\n<meta name=\"robots\" content=\"index, follow, max-snippet:-1, max-image-preview:large, max-video-preview:-1\" \/>\n<link rel=\"canonical\" href=\"https:\/\/duhoc.yola.vn\/en\/chuong-trinh-du-hoc\/\" \/>\n<meta property=\"og:locale\" content=\"en_US\" \/>\n<meta property=\"og:type\" content=\"article\" \/>\n<meta property=\"og:title\" content=\"Ch\u01b0\u01a1ng Tr\u00ecnh Du H\u1ecdc - Du H\u1ecdc YOLA\" \/>\n<meta property=\"og:description\" content=\"S\u1eb5n s\u00e0ng \u0111\u1ec3 th\u1ef1c hi\u1ec7n b\u01b0\u1edbc nh\u1ea3y v\u1ecdt? Kh\u00e1m ph\u00e1 c\u00e1c l\u1ef1a ch\u1ecdn ch\u01b0\u01a1ng tr\u00ecnh du H\u1ecdc kh\u1eafp tr\u00ean th\u1ebf gi\u1edbi. B\u1eaft tay v\u00e0o h\u00e0nh tr\u00ecnh k\u1ebft h\u1ee3p gi\u00e1o d\u1ee5c, phi\u00eau l\u01b0u v\u00e0 ph\u00e1t tri\u1ec3n c\u00e1 nh\u00e2n. Th\u1ebf gi\u1edbi \u0111ang ch\u1edd \u0111\u1ee3i b\u1ea1n!\" \/>\n<meta property=\"og:url\" content=\"https:\/\/duhoc.yola.vn\/en\/chuong-trinh-du-hoc\/\" \/>\n<meta property=\"og:site_name\" content=\"Du H\u1ecdc YOLA\" \/>\n<meta property=\"article:modified_time\" content=\"2026-02-10T03:26:47+00:00\" \/>\n<meta name=\"twitter:card\" content=\"summary_large_image\" \/>\n<script type=\"application\/ld+json\" class=\"yoast-schema-graph\">{\"@context\":\"https:\/\/schema.org\",\"@graph\":[{\"@type\":\"WebPage\",\"@id\":\"https:\/\/duhoc.yola.vn\/en\/chuong-trinh-du-hoc\/\",\"url\":\"https:\/\/duhoc.yola.vn\/en\/chuong-trinh-du-hoc\/\",\"name\":\"Ch\u01b0\u01a1ng Tr\u00ecnh Du H\u1ecdc - Du H\u1ecdc YOLA\",\"isPartOf\":{\"@id\":\"https:\/\/duhoc.yola.vn\/#website\"},\"datePublished\":\"2023-12-23T13:54:13+00:00\",\"dateModified\":\"2026-02-10T03:26:47+00:00\",\"description\":\"S\u1eb5n s\u00e0ng \u0111\u1ec3 th\u1ef1c hi\u1ec7n b\u01b0\u1edbc nh\u1ea3y v\u1ecdt? Kh\u00e1m ph\u00e1 c\u00e1c l\u1ef1a ch\u1ecdn ch\u01b0\u01a1ng tr\u00ecnh du H\u1ecdc kh\u1eafp tr\u00ean th\u1ebf gi\u1edbi. B\u1eaft tay v\u00e0o h\u00e0nh tr\u00ecnh k\u1ebft h\u1ee3p gi\u00e1o d\u1ee5c, phi\u00eau l\u01b0u v\u00e0 ph\u00e1t tri\u1ec3n c\u00e1 nh\u00e2n. Th\u1ebf gi\u1edbi \u0111ang ch\u1edd \u0111\u1ee3i b\u1ea1n!\",\"breadcrumb\":{\"@id\":\"https:\/\/duhoc.yola.vn\/en\/chuong-trinh-du-hoc\/#breadcrumb\"},\"inLanguage\":\"en-US\",\"potentialAction\":[{\"@type\":\"ReadAction\",\"target\":[\"https:\/\/duhoc.yola.vn\/en\/chuong-trinh-du-hoc\/\"]}]},{\"@type\":\"BreadcrumbList\",\"@id\":\"https:\/\/duhoc.yola.vn\/en\/chuong-trinh-du-hoc\/#breadcrumb\",\"itemListElement\":[{\"@type\":\"ListItem\",\"position\":1,\"name\":\"Home\",\"item\":\"https:\/\/duhoc.yola.vn\/home-page\/\"},{\"@type\":\"ListItem\",\"position\":2,\"name\":\"Ch\u01b0\u01a1ng Tr\u00ecnh Du H\u1ecdc\"}]},{\"@type\":\"WebSite\",\"@id\":\"https:\/\/duhoc.yola.vn\/#website\",\"url\":\"https:\/\/duhoc.yola.vn\/\",\"name\":\"Du H\u1ecdc YOLA\",\"description\":\"DU H\u1eccC YOLA\",\"potentialAction\":[{\"@type\":\"SearchAction\",\"target\":{\"@type\":\"EntryPoint\",\"urlTemplate\":\"https:\/\/duhoc.yola.vn\/?s={search_term_string}\"},\"query-input\":\"required name=search_term_string\"}],\"inLanguage\":\"en-US\"}]}<\/script>\n<!-- \/ Yoast SEO plugin. -->","yoast_head_json":{"title":"Ch\u01b0\u01a1ng Tr\u00ecnh Du H\u1ecdc - Du H\u1ecdc YOLA","description":"S\u1eb5n s\u00e0ng \u0111\u1ec3 th\u1ef1c hi\u1ec7n b\u01b0\u1edbc nh\u1ea3y v\u1ecdt? Kh\u00e1m ph\u00e1 c\u00e1c l\u1ef1a ch\u1ecdn ch\u01b0\u01a1ng tr\u00ecnh du H\u1ecdc kh\u1eafp tr\u00ean th\u1ebf gi\u1edbi. B\u1eaft tay v\u00e0o h\u00e0nh tr\u00ecnh k\u1ebft h\u1ee3p gi\u00e1o d\u1ee5c, phi\u00eau l\u01b0u v\u00e0 ph\u00e1t tri\u1ec3n c\u00e1 nh\u00e2n. Th\u1ebf gi\u1edbi \u0111ang ch\u1edd \u0111\u1ee3i b\u1ea1n!","robots":{"index":"index","follow":"follow","max-snippet":"max-snippet:-1","max-image-preview":"max-image-preview:large","max-video-preview":"max-video-preview:-1"},"canonical":"https:\/\/duhoc.yola.vn\/en\/chuong-trinh-du-hoc\/","og_locale":"en_US","og_type":"article","og_title":"Ch\u01b0\u01a1ng Tr\u00ecnh Du H\u1ecdc - Du H\u1ecdc YOLA","og_description":"S\u1eb5n s\u00e0ng \u0111\u1ec3 th\u1ef1c hi\u1ec7n b\u01b0\u1edbc nh\u1ea3y v\u1ecdt? Kh\u00e1m ph\u00e1 c\u00e1c l\u1ef1a ch\u1ecdn ch\u01b0\u01a1ng tr\u00ecnh du H\u1ecdc kh\u1eafp tr\u00ean th\u1ebf gi\u1edbi. B\u1eaft tay v\u00e0o h\u00e0nh tr\u00ecnh k\u1ebft h\u1ee3p gi\u00e1o d\u1ee5c, phi\u00eau l\u01b0u v\u00e0 ph\u00e1t tri\u1ec3n c\u00e1 nh\u00e2n. Th\u1ebf gi\u1edbi \u0111ang ch\u1edd \u0111\u1ee3i b\u1ea1n!","og_url":"https:\/\/duhoc.yola.vn\/en\/chuong-trinh-du-hoc\/","og_site_name":"Du H\u1ecdc YOLA","article_modified_time":"2026-02-10T03:26:47+00:00","twitter_card":"summary_large_image","schema":{"@context":"https:\/\/schema.org","@graph":[{"@type":"WebPage","@id":"https:\/\/duhoc.yola.vn\/en\/chuong-trinh-du-hoc\/","url":"https:\/\/duhoc.yola.vn\/en\/chuong-trinh-du-hoc\/","name":"Ch\u01b0\u01a1ng Tr\u00ecnh Du H\u1ecdc - Du H\u1ecdc YOLA","isPartOf":{"@id":"https:\/\/duhoc.yola.vn\/#website"},"datePublished":"2023-12-23T13:54:13+00:00","dateModified":"2026-02-10T03:26:47+00:00","description":"S\u1eb5n s\u00e0ng \u0111\u1ec3 th\u1ef1c hi\u1ec7n b\u01b0\u1edbc nh\u1ea3y v\u1ecdt? Kh\u00e1m ph\u00e1 c\u00e1c l\u1ef1a ch\u1ecdn ch\u01b0\u01a1ng tr\u00ecnh du H\u1ecdc kh\u1eafp tr\u00ean th\u1ebf gi\u1edbi. B\u1eaft tay v\u00e0o h\u00e0nh tr\u00ecnh k\u1ebft h\u1ee3p gi\u00e1o d\u1ee5c, phi\u00eau l\u01b0u v\u00e0 ph\u00e1t tri\u1ec3n c\u00e1 nh\u00e2n. Th\u1ebf gi\u1edbi \u0111ang ch\u1edd \u0111\u1ee3i b\u1ea1n!","breadcrumb":{"@id":"https:\/\/duhoc.yola.vn\/en\/chuong-trinh-du-hoc\/#breadcrumb"},"inLanguage":"en-US","potentialAction":[{"@type":"ReadAction","target":["https:\/\/duhoc.yola.vn\/en\/chuong-trinh-du-hoc\/"]}]},{"@type":"BreadcrumbList","@id":"https:\/\/duhoc.yola.vn\/en\/chuong-trinh-du-hoc\/#breadcrumb","itemListElement":[{"@type":"ListItem","position":1,"name":"Home","item":"https:\/\/duhoc.yola.vn\/home-page\/"},{"@type":"ListItem","position":2,"name":"Ch\u01b0\u01a1ng Tr\u00ecnh Du H\u1ecdc"}]},{"@type":"WebSite","@id":"https:\/\/duhoc.yola.vn\/#website","url":"https:\/\/duhoc.yola.vn\/","name":"Du H\u1ecdc YOLA","description":"DU H\u1eccC YOLA","potentialAction":[{"@type":"SearchAction","target":{"@type":"EntryPoint","urlTemplate":"https:\/\/duhoc.yola.vn\/?s={search_term_string}"},"query-input":"required name=search_term_string"}],"inLanguage":"en-US"}]}},"_links":{"self":[{"href":"https:\/\/duhoc.yola.vn\/en\/wp-json\/wp\/v2\/pages\/884"}],"collection":[{"href":"https:\/\/duhoc.yola.vn\/en\/wp-json\/wp\/v2\/pages"}],"about":[{"href":"https:\/\/duhoc.yola.vn\/en\/wp-json\/wp\/v2\/types\/page"}],"author":[{"embeddable":true,"href":"https:\/\/duhoc.yola.vn\/en\/wp-json\/wp\/v2\/users\/1"}],"replies":[{"embeddable":true,"href":"https:\/\/duhoc.yola.vn\/en\/wp-json\/wp\/v2\/comments?post=884"}],"version-history":[{"count":13,"href":"https:\/\/duhoc.yola.vn\/en\/wp-json\/wp\/v2\/pages\/884\/revisions"}],"predecessor-version":[{"id":143783,"href":"https:\/\/duhoc.yola.vn\/en\/wp-json\/wp\/v2\/pages\/884\/revisions\/143783"}],"wp:attachment":[{"href":"https:\/\/duhoc.yola.vn\/en\/wp-json\/wp\/v2\/media?parent=884"}],"curies":[{"name":"wp","href":"https:\/\/api.w.org\/{rel}","templated":true}]}}